{"id":227,"date":"2022-06-05T20:40:55","date_gmt":"2022-06-05T23:40:55","guid":{"rendered":"https:\/\/homolog.grupounico.com\/?page_id=227"},"modified":"2023-01-13T14:27:43","modified_gmt":"2023-01-13T17:27:43","slug":"sobre-o-gupo-uni-co","status":"publish","type":"page","link":"https:\/\/homolog.grupounico.com\/index.php\/sobre-o-gupo-uni-co\/","title":{"rendered":"SOBRE O GRUPO UNI.CO"},"content":{"rendered":"\n<div class=\"wp-block-columns alignfull are-vertically-aligned-center has-background is-layout-flex wp-container-core-columns-is-layout-28f84493 wp-block-columns-is-layout-flex\" style=\"background:linear-gradient(135deg,rgb(0,114,206) 0%,rgb(241,145,163) 100%)\">\n<div class=\"wp-block-column is-vertically-aligned-center is-layout-flow wp-block-column-is-layout-flow\">\n<figure class=\"wp-block-image aligncenter size-large\"><img loading=\"lazy\" decoding=\"async\" width=\"1024\" height=\"442\" src=\"https:\/\/homolog.grupounico.com\/wp-content\/uploads\/2022\/06\/PRAZER-SOMOS-UNICOS-1-1024x442.png\" alt=\"\" class=\"wp-image-1694\" srcset=\"https:\/\/homolog.grupounico.com\/wp-content\/uploads\/2022\/06\/PRAZER-SOMOS-UNICOS-1-1024x442.png 1024w, https:\/\/homolog.grupounico.com\/wp-content\/uploads\/2022\/06\/PRAZER-SOMOS-UNICOS-1-300x130.png 300w, https:\/\/homolog.grupounico.com\/wp-content\/uploads\/2022\/06\/PRAZER-SOMOS-UNICOS-1-768x332.png 768w, https:\/\/homolog.grupounico.com\/wp-content\/uploads\/2022\/06\/PRAZER-SOMOS-UNICOS-1.png 1200w\" sizes=\"auto, (max-width: 1024px) 100vw, 1024px\" \/><\/figure>\n<\/div>\n<\/div>\n\n\n\n<div class=\"wp-block-columns is-layout-flex wp-container-core-columns-is-layout-0e0088bb wp-block-columns-is-layout-flex\" style=\"padding-top:30px;padding-bottom:30px\">\n<div class=\"wp-block-column is-layout-flow wp-block-column-is-layout-flow\">\n<p>H\u00e1 mais de 30 anos gerando conex\u00f5es com as atuais e futuras gera\u00e7\u00f5es de consumidores atrav\u00e9s de nossas marcas amadas: <strong>Puket, Imaginarium, MinD e Lovebrands!<\/strong>\u200b<\/p>\n\n\n\n<p>Nosso sucesso na sinergia de marcas com identidades t\u00e3o particulares \u00e9 constru\u00eddo por meio da experi\u00eancia e qualidade do nosso time. Contamos com uma equipe e estrutura global de suprimentos, h\u00e1 mais de 10 anos atuando em Shenzhen, polo de inova\u00e7\u00e3o na China. Temos equipes dedicadas \u00e0 curadoria de produtos, projetos digitais e planejamento da nossa rede. \u200b<\/p>\n\n\n\n<p>Buscamos preservar a identidade de cada marca, mantendo a independ\u00eancia dos times de cria\u00e7\u00e3o e desenvolvimento de produtos. Focamos em disponibilizar a melhor tecnologia poss\u00edvel para garantir excel\u00eancia na gest\u00e3o de franquias, plataforma e-commerce e processos desenvolvidos para suporte operacional, como gest\u00e3o de pessoas, finan\u00e7as e governan\u00e7a corporativa. \u200b<\/p>\n\n\n\n<p>Nosso processo criativo tem a capacidade de antecipar tend\u00eancias, seja na moda, tecnologia ou decora\u00e7\u00e3o. Aqui, o trabalho \u00e9 tanto uma arte quanto uma ci\u00eancia. Criamos produtos com conceito que al\u00e9m de surpreender pessoas, somam identifica\u00e7\u00e3o pessoal, utilidade e praticidade. Ser Uni.co, \u00e9 estar presente em cada fase da vida do consumidor e ter a inova\u00e7\u00e3o no nosso DNA.<\/p>\n\n\n\n<p>E a gente gosta da mistura, do diferente, do surpreendente e do colorido. Formamos muito mais que um grupo de marcas, formamos um grupo de pessoas uni.cas. Queremos ser a maior e melhor plataforma de franquias do Brasil. Melhor para os nossos clientes, nossos franqueados, nossos acionistas e, principalmente, nossa gente. Nosso DNA \u00e9 composto pelo encantamento do cliente, sentimento de dono, trabalho em equipe e desenvolvimento de pessoas. \u200b<\/p>\n\n\n\n<p>Nosso modelo de neg\u00f3cio permite que cada marca tenha um time especialista em encantar e oferecer produtos e experi\u00eancias diferenciadas para os clientes. Comercializamos e distribu\u00edmos nossos produtos com uma estrat\u00e9gia de franquias e multimarcas, presentes nos 26 estados + DF, como tamb\u00e9m omnicanalidade, buscando entregar conveni\u00eancia no territ\u00f3rio nacional.<\/p>\n\n\n\n<p>Em 2021 o Grupo Uni.co come\u00e7ou a fazer parte da Americanas S.A, com o objetivo de acelerar o desenvolvimento da vertical de neg\u00f3cios no varejo especializado de franquias.<\/p>\n\n\n\n<p>O Universo Americanas atua h\u00e1 mais de 90 anos e adota uma abordagem \u00fanica na forma de melhor atender seus clientes, oferecendo uma plataforma, com mais de 1700 lojas f\u00edsicas em todo o pa\u00eds, e uma plataforma digital, com as marcas mais queridas da internet brasileira (Americanas, Submarino, Shoptime e Sou Barato). Al\u00e9m disso, conta com a IF- Inova\u00e7\u00e3o e Futuro, motor de inova\u00e7\u00e3o que busca acelerar as plataformas, construir neg\u00f3cios disruptivos e potencializar diversas iniciativas, e com a Ame Digital, fintech e plataforma mobile de neg\u00f3cios.<\/p>\n\n\n\n<p>Pensando nas oportunidades de crescimento do Grupo, temos confian\u00e7a de que esse novo passo nos aproxima do futuro que enxergamos, alinhado com o nosso prop\u00f3sito de ser a melhor plataforma de marcas no varejo brasileiro.<\/p>\n\n\n\n<p>Com autonomia, atuaremos em conjunto com a estrutura avan\u00e7ada do Universo Americanas em diversas frentes, algo que possibilitar\u00e1 muitas oportunidades de aprendizado, troca de pr\u00e1ticas e crescimento de carreira para nosso time.<\/p>\n\n\n\n<p>Aqui, reunimos grandes marcas e apostamos na leveza, na alegria e na criatividade de ser Uni.co.<\/p>\n<\/div>\n<\/div>\n\n\n\n<figure class=\"wp-block-gallery has-nested-images columns-4 is-cropped wp-block-gallery-1 is-layout-flex wp-block-gallery-is-layout-flex\">\n<figure class=\"wp-block-image size-large\"><a href=\"https:\/\/homolog.grupounico.com\/wp-content\/uploads\/2022\/08\/UniCo-166-scaled.jpg\" target=\"_blank\" rel=\"noopener\"><img loading=\"lazy\" decoding=\"async\" width=\"1024\" height=\"683\" data-id=\"2743\" src=\"https:\/\/homolog.grupounico.com\/wp-content\/uploads\/2022\/08\/UniCo-166-1024x683.jpg\" alt=\"\" class=\"wp-image-2743\" srcset=\"https:\/\/homolog.grupounico.com\/wp-content\/uploads\/2022\/08\/UniCo-166-1024x683.jpg 1024w, https:\/\/homolog.grupounico.com\/wp-content\/uploads\/2022\/08\/UniCo-166-300x200.jpg 300w, https:\/\/homolog.grupounico.com\/wp-content\/uploads\/2022\/08\/UniCo-166-768x512.jpg 768w, https:\/\/homolog.grupounico.com\/wp-content\/uploads\/2022\/08\/UniCo-166-1536x1024.jpg 1536w, https:\/\/homolog.grupounico.com\/wp-content\/uploads\/2022\/08\/UniCo-166-2048x1365.jpg 2048w\" sizes=\"auto, (max-width: 1024px) 100vw, 1024px\" \/><\/a><\/figure>\n<\/figure>\n\n\n\n<figure class=\"wp-block-gallery has-nested-images columns-4 is-cropped wp-block-gallery-2 is-layout-flex wp-block-gallery-is-layout-flex\">\n<figure class=\"wp-block-image size-large\"><a href=\"https:\/\/homolog.grupounico.com\/wp-content\/uploads\/2022\/09\/3-1.png\" target=\"_blank\" rel=\"noopener\"><img loading=\"lazy\" decoding=\"async\" width=\"1024\" height=\"1024\" data-id=\"3304\" src=\"https:\/\/homolog.grupounico.com\/wp-content\/uploads\/2022\/09\/3-1-1024x1024.png\" alt=\"\" class=\"wp-image-3304\" srcset=\"https:\/\/homolog.grupounico.com\/wp-content\/uploads\/2022\/09\/3-1-1024x1024.png 1024w, https:\/\/homolog.grupounico.com\/wp-content\/uploads\/2022\/09\/3-1-300x300.png 300w, https:\/\/homolog.grupounico.com\/wp-content\/uploads\/2022\/09\/3-1-150x150.png 150w, https:\/\/homolog.grupounico.com\/wp-content\/uploads\/2022\/09\/3-1-768x768.png 768w, https:\/\/homolog.grupounico.com\/wp-content\/uploads\/2022\/09\/3-1.png 1080w\" sizes=\"auto, (max-width: 1024px) 100vw, 1024px\" \/><\/a><\/figure>\n\n\n\n<figure class=\"wp-block-image size-large\"><a href=\"https:\/\/homolog.grupounico.com\/wp-content\/uploads\/2022\/09\/7.png\" target=\"_blank\" rel=\"noopener\"><img loading=\"lazy\" decoding=\"async\" width=\"1024\" height=\"1024\" data-id=\"3302\" src=\"https:\/\/homolog.grupounico.com\/wp-content\/uploads\/2022\/09\/7-1024x1024.png\" alt=\"\" class=\"wp-image-3302\" srcset=\"https:\/\/homolog.grupounico.com\/wp-content\/uploads\/2022\/09\/7-1024x1024.png 1024w, https:\/\/homolog.grupounico.com\/wp-content\/uploads\/2022\/09\/7-300x300.png 300w, https:\/\/homolog.grupounico.com\/wp-content\/uploads\/2022\/09\/7-150x150.png 150w, https:\/\/homolog.grupounico.com\/wp-content\/uploads\/2022\/09\/7-768x768.png 768w, https:\/\/homolog.grupounico.com\/wp-content\/uploads\/2022\/09\/7.png 1080w\" sizes=\"auto, (max-width: 1024px) 100vw, 1024px\" \/><\/a><\/figure>\n\n\n\n<figure class=\"wp-block-image size-large\"><a href=\"https:\/\/homolog.grupounico.com\/wp-content\/uploads\/2022\/09\/5.png\" target=\"_blank\" rel=\"noopener\"><img loading=\"lazy\" decoding=\"async\" width=\"1024\" height=\"1024\" data-id=\"3300\" src=\"https:\/\/homolog.grupounico.com\/wp-content\/uploads\/2022\/09\/5-1024x1024.png\" alt=\"\" class=\"wp-image-3300\" srcset=\"https:\/\/homolog.grupounico.com\/wp-content\/uploads\/2022\/09\/5-1024x1024.png 1024w, https:\/\/homolog.grupounico.com\/wp-content\/uploads\/2022\/09\/5-300x300.png 300w, https:\/\/homolog.grupounico.com\/wp-content\/uploads\/2022\/09\/5-150x150.png 150w, https:\/\/homolog.grupounico.com\/wp-content\/uploads\/2022\/09\/5-768x768.png 768w, https:\/\/homolog.grupounico.com\/wp-content\/uploads\/2022\/09\/5.png 1080w\" sizes=\"auto, (max-width: 1024px) 100vw, 1024px\" \/><\/a><\/figure>\n\n\n\n<figure class=\"wp-block-image size-large\"><a href=\"https:\/\/homolog.grupounico.com\/wp-content\/uploads\/2022\/09\/4.png\" target=\"_blank\" rel=\"noopener\"><img loading=\"lazy\" decoding=\"async\" width=\"1080\" height=\"1080\" data-id=\"3299\" src=\"https:\/\/homolog.grupounico.com\/wp-content\/uploads\/2022\/09\/4-1024x1024.png\" alt=\"\" class=\"wp-image-3299\" srcset=\"https:\/\/homolog.grupounico.com\/wp-content\/uploads\/2022\/09\/4-1024x1024.png 1024w, https:\/\/homolog.grupounico.com\/wp-content\/uploads\/2022\/09\/4-300x300.png 300w, https:\/\/homolog.grupounico.com\/wp-content\/uploads\/2022\/09\/4-150x150.png 150w, https:\/\/homolog.grupounico.com\/wp-content\/uploads\/2022\/09\/4-768x768.png 768w, https:\/\/homolog.grupounico.com\/wp-content\/uploads\/2022\/09\/4.png 1080w\" sizes=\"auto, (max-width: 1080px) 100vw, 1080px\" \/><\/a><\/figure>\n\n\n\n<figure class=\"wp-block-image size-large\"><a href=\"https:\/\/homolog.grupounico.com\/wp-content\/uploads\/2022\/09\/1.png\" target=\"_blank\" rel=\"noopener\"><img loading=\"lazy\" decoding=\"async\" width=\"1024\" height=\"1024\" data-id=\"3296\" src=\"https:\/\/homolog.grupounico.com\/wp-content\/uploads\/2022\/09\/1-1024x1024.png\" alt=\"\" class=\"wp-image-3296\" srcset=\"https:\/\/homolog.grupounico.com\/wp-content\/uploads\/2022\/09\/1-1024x1024.png 1024w, https:\/\/homolog.grupounico.com\/wp-content\/uploads\/2022\/09\/1-300x300.png 300w, https:\/\/homolog.grupounico.com\/wp-content\/uploads\/2022\/09\/1-150x150.png 150w, https:\/\/homolog.grupounico.com\/wp-content\/uploads\/2022\/09\/1-768x768.png 768w, https:\/\/homolog.grupounico.com\/wp-content\/uploads\/2022\/09\/1.png 1080w\" sizes=\"auto, (max-width: 1024px) 100vw, 1024px\" \/><\/a><\/figure>\n\n\n\n<figure class=\"wp-block-image size-large\"><a href=\"https:\/\/homolog.grupounico.com\/wp-content\/uploads\/2022\/09\/2-1.png\" target=\"_blank\" rel=\"noopener\"><img loading=\"lazy\" decoding=\"async\" width=\"1024\" height=\"1024\" data-id=\"3303\" src=\"https:\/\/homolog.grupounico.com\/wp-content\/uploads\/2022\/09\/2-1-1024x1024.png\" alt=\"\" class=\"wp-image-3303\" srcset=\"https:\/\/homolog.grupounico.com\/wp-content\/uploads\/2022\/09\/2-1-1024x1024.png 1024w, https:\/\/homolog.grupounico.com\/wp-content\/uploads\/2022\/09\/2-1-300x300.png 300w, https:\/\/homolog.grupounico.com\/wp-content\/uploads\/2022\/09\/2-1-150x150.png 150w, https:\/\/homolog.grupounico.com\/wp-content\/uploads\/2022\/09\/2-1-768x768.png 768w, https:\/\/homolog.grupounico.com\/wp-content\/uploads\/2022\/09\/2-1.png 1080w\" sizes=\"auto, (max-width: 1024px) 100vw, 1024px\" \/><\/a><\/figure>\n\n\n\n<figure class=\"wp-block-image size-large\"><a href=\"https:\/\/homolog.grupounico.com\/wp-content\/uploads\/2022\/09\/6.png\" target=\"_blank\" rel=\"noopener\"><img loading=\"lazy\" decoding=\"async\" width=\"1024\" height=\"1024\" data-id=\"3301\" src=\"https:\/\/homolog.grupounico.com\/wp-content\/uploads\/2022\/09\/6-1024x1024.png\" alt=\"\" class=\"wp-image-3301\" srcset=\"https:\/\/homolog.grupounico.com\/wp-content\/uploads\/2022\/09\/6-1024x1024.png 1024w, https:\/\/homolog.grupounico.com\/wp-content\/uploads\/2022\/09\/6-300x300.png 300w, https:\/\/homolog.grupounico.com\/wp-content\/uploads\/2022\/09\/6-150x150.png 150w, https:\/\/homolog.grupounico.com\/wp-content\/uploads\/2022\/09\/6-768x768.png 768w, https:\/\/homolog.grupounico.com\/wp-content\/uploads\/2022\/09\/6.png 1080w\" sizes=\"auto, (max-width: 1024px) 100vw, 1024px\" \/><\/a><\/figure>\n<\/figure>\n","protected":false},"excerpt":{"rendered":"<p>H\u00e1 mais de 30 anos gerando conex\u00f5es com as atuais e futuras gera\u00e7\u00f5es de consumidores atrav\u00e9s de nossas marcas amadas: Puket, Imaginarium, MinD e Lovebrands!\u200b Nosso sucesso na sinergia de marcas com identidades t\u00e3o particulares \u00e9 constru\u00eddo por meio da experi\u00eancia e qualidade do nosso time. Contamos com uma equipe e estrutura global de suprimentos, &hellip;<\/p>\n<p class=\"read-more\"> <a class=\"\" href=\"https:\/\/homolog.grupounico.com\/index.php\/sobre-o-gupo-uni-co\/\"> <span class=\"screen-reader-text\">SOBRE O GRUPO UNI.CO<\/span> Leia mais &raquo;<\/a><\/p>\n","protected":false},"author":362,"featured_media":0,"parent":0,"menu_order":0,"comment_status":"closed","ping_status":"closed","template":"","meta":{"site-sidebar-layout":"default","site-content-layout":"default","ast-global-header-display":"","ast-main-header-display":"","ast-hfb-above-header-display":"","ast-hfb-below-header-display":"","ast-hfb-mobile-header-display":"","site-post-title":"disabled","ast-breadcrumbs-content":"","ast-featured-img":"","footer-sml-layout":"","theme-transparent-header-meta":"","adv-header-id-meta":"","stick-header-meta":"","header-above-stick-meta":"","header-main-stick-meta":"","header-below-stick-meta":"","footnotes":""},"class_list":["post-227","page","type-page","status-publish","hentry"],"_links":{"self":[{"href":"https:\/\/homolog.grupounico.com\/index.php\/wp-json\/wp\/v2\/pages\/227","targetHints":{"allow":["GET"]}}],"collection":[{"href":"https:\/\/homolog.grupounico.com\/index.php\/wp-json\/wp\/v2\/pages"}],"about":[{"href":"https:\/\/homolog.grupounico.com\/index.php\/wp-json\/wp\/v2\/types\/page"}],"author":[{"embeddable":true,"href":"https:\/\/homolog.grupounico.com\/index.php\/wp-json\/wp\/v2\/users\/362"}],"replies":[{"embeddable":true,"href":"https:\/\/homolog.grupounico.com\/index.php\/wp-json\/wp\/v2\/comments?post=227"}],"version-history":[{"count":3,"href":"https:\/\/homolog.grupounico.com\/index.php\/wp-json\/wp\/v2\/pages\/227\/revisions"}],"predecessor-version":[{"id":5183,"href":"https:\/\/homolog.grupounico.com\/index.php\/wp-json\/wp\/v2\/pages\/227\/revisions\/5183"}],"wp:attachment":[{"href":"https:\/\/homolog.grupounico.com\/index.php\/wp-json\/wp\/v2\/media?parent=227"}],"curies":[{"name":"wp","href":"https:\/\/api.w.org\/{rel}","templated":true}]}}